
     {"id":124103,"date":"2024-12-06T11:19:19","date_gmt":"2024-12-06T14:19:19","guid":{"rendered":"https:\/\/www.manquecuranunoa.cl\/?page_id=124103"},"modified":"2025-09-10T11:51:51","modified_gmt":"2025-09-10T14:51:51","slug":"club-referidos","status":"publish","type":"page","link":"https:\/\/www.manquecura.cl\/valle-lo-campino\/admision\/club-referidos\/","title":{"rendered":"Club de referidos"},"content":{"rendered":"<div class=\"wpb-content-wrapper\"><p>[vc_row][vc_column]<section  class=\"bg-video-wrap hero section hero--centertext   \" style='background: url(https:\/\/www.manquecura.cl\/valle-lo-campino\/wp-content\/uploads\/sites\/40\/2025\/02\/Manquecura-Nunoa-223.jpg) center ;background-size:cover ;'>\n                <div class=\"bg-overlay\" style='background:#000000;opacity:0.3;'><\/div>\n                <div class=\"overlay\" >\n                  <div class=\"container-fluid\">\n                    <div class=\"row\">\n                      <div class=\"col-md-12 col-lg-12\">\n\n                        <div class=\"caption text-start\"><div class=\"component sub-heading\" >\n                              <h1 class=\"display-h1\">Club de Referidos<\/h1>\n                            <\/div><\/div>\n                      <\/div>\n                    <\/div>\n                  <\/div>\n                <\/div>\n              <\/section><div class='row  m-x-0 breadcrumb-wrap ' style=''><div class='container-fluid' >\n                <nav aria-label='breadcrumb'><ol class=\"breadcrumb mt-3\">\n                  <li class=\"breadcrumb-item\"><a href=\"https:\/\/www.manquecura.cl\/valle-lo-campino\">Home<\/a><\/li>\n                  <li class=\"breadcrumb-item active\" aria-current=\"page\"><a href=\"https:\/\/www.manquecura.cl\/valle-lo-campino\/admision\/\">Admisi\u00f3n<\/a><\/li>\n                  <li class=\"breadcrumb-item active\" aria-current=\"page\">Club de referidos<\/li>\n                <\/ol>\n              <\/nav>\n              <\/div>\n            <\/div>[\/vc_column][\/vc_row][vc_row][vc_column]\n        <div class=\"wrapper\"><section   class=\"section  middle-section container-width   \" style=''><div class=\"container-fluid \" ><div class=\"row\">\n                            <div class=\"col-md-12\"><div class=\"component title\">\n                                            <p class=\"body-small\">Porque eres nuestra mejor referencia, reconocemos y agradecemos tu confianza.<\/p>\n                                        <\/div><div class=\"component heading mt-0\">\n                                        <p><script charset=\"utf-8\" type=\"text\/javascript\" src=\"\/\/js.hsforms.net\/forms\/embed\/v2.js\"><\/script><br \/>\n<script>\n  hbspt.forms.create({\n    portalId: \"44984975\",\n    formId: \"702aa576-d52e-4ecc-94ec-89d6a06ccb7c\",\n    region: \"na1\"\n  });\n<\/script><\/p>\n\n                                        <\/div><\/div>\n                            \t<\/div>\n                    \t<\/div>\n            \t<!-- end content area --><\/section>\n        <\/div>\n            <div class=\"wrapper\"><section  class=\"section  container-width   \" style=''>\n                <div class=\"container-fluid\">\n                    <div class=\"row m-0\">\n                        <div class=\"col-md-12\">\n                            <div class=\"component\">\n                                <div class=\"accordion\" id=\"accordion\"><div class=\"accordion-item\">\n                                  <div class=\"h2 accordion-header\" id=\"heading1\">\n                                    <button class=\"accordion-button\" type=\"button\" data-bs-toggle=\"collapse\" data-bs-target=\"#collapse1\" aria-expanded=\"false\" aria-controls=\"collapse1\">\n                                      Bases\n                                    <\/button>\n                                  <\/div>\n                                  <div id=\"collapse1\" class=\"accordion-collapse collapse\" aria-labelledby=\"heading1\" data-bs-parent=\"#accordion\">\n                                    <div class=\"accordion-body\"><div class=\" component\" style=\"margin-top:px\">\n                                        <div class=\"h6\">Club de Referidos<\/div>\n                                    <\/div> <div class=\"component\">\n                                            <p class=\"body-medium\">>> El referido debe ser presentado directamente por una familia miembro del colegio, por medio del formulario de referidos del sitio web o presencial en la oficina de Admisi\u00f3n. <br>\n \n>> El beneficio se aplica a solo un estudiante de la familia que refiere. <br>\n \n>> Se aplica un 25% de descuento para alumno antiguo por cada alumno nuevo matriculado que est\u00e9 activo en marzo y abril del a\u00f1o lectivo 2026 y con colegiaturas al d\u00eda. Este descuento se aplicar\u00e1 en el arancel del tercer mes del a\u00f1o lectivo (mayo 2026) <br>\n \n>> El descuento no es acumulable. Esto significa que, aunque la familia refiera a m\u00e1s de un nuevo alumno, el beneficio no podr\u00e1 superar en ning\u00fan caso el 25%. \n<i>En el caso de que la familia que refiere tenga m\u00e1s de un hijo en el colegio, el descuento aplicar\u00e1 solo a un alumno, por cada nuevo estudiante de admisi\u00f3n referido, respetando siempre el tope m\u00e1ximo del 25%.<\/i><br>\n \n>> Al momento de ser efectivo el beneficio, el referido debe estar activo en el colegio. <br>\n \n>> La familia que refiere y referida deben estar 100% al d\u00eda con los pagos de matr\u00edcula y arancel. <br>\n \n>> El descuento no es acumulable con otros beneficios y\/o becas otorgadas por el colegio. <br>\n \n<br>\n<b>** No se acepta la postulaci\u00f3n si cumple las siguientes condiciones:<\/b>\n<br>\n>> Si no completa el formulario del sitio web o de manera presencial en la oficina de Admisi\u00f3n del colegio correspondiente. <br>\n>> No se acepta retroactividad en el pago de referidos que se hayan concretado en meses anteriores al lanzamiento de este beneficio. <br>\n>> Que la familia referida tenga un v\u00ednculo previo con la instituci\u00f3n, ejemplo: exalumno, padres egresados, que ya haya iniciado el proceso de admisi\u00f3n previamente. <br>\n\n<\/p>\n                                        <\/div><\/div>\n                                <\/div>\n                            <\/div><\/div>\n                           <\/div>\n                        <\/div>\n                    <\/div>\n                <\/div>\n            <\/section>\n            <\/div>[\/vc_column][\/vc_row]<\/p>\n<\/div>","protected":false},"excerpt":{"rendered":"<p>[vc_row][vc_column][\/vc_column][\/vc_row][vc_row][vc_column][\/vc_column][\/vc_row]<\/p>\n","protected":false},"author":34,"featured_media":0,"parent":121463,"menu_order":0,"comment_status":"closed","ping_status":"closed","template":"","meta":{"_acf_changed":false,"content-type":"","footnotes":""},"class_list":["post-124103","page","type-page","status-publish","hentry"],"acf":[],"yoast_head":"<!-- This site is optimized with the Yoast SEO plugin v27.1.1 - https:\/\/yoast.com\/product\/yoast-seo-wordpress\/ -->\n<title>Club de referidos - Colegio Manquecura Valle Lo Campino<\/title>\n<meta name=\"robots\" content=\"index, follow, max-snippet:-1, max-image-preview:large, max-video-preview:-1\" \/>\n<link rel=\"canonical\" href=\"https:\/\/www.manquecura.cl\/valle-lo-campino\/admision\/club-referidos\/\" \/>\n<meta property=\"og:locale\" content=\"es_ES\" \/>\n<meta property=\"og:type\" content=\"article\" \/>\n<meta property=\"og:title\" content=\"Club de referidos - Colegio Manquecura Valle Lo Campino\" \/>\n<meta property=\"og:description\" content=\"[vc_row][vc_column][\/vc_column][\/vc_row][vc_row][vc_column][\/vc_column][\/vc_row]\" \/>\n<meta property=\"og:url\" content=\"https:\/\/www.manquecura.cl\/valle-lo-campino\/admision\/club-referidos\/\" \/>\n<meta property=\"og:site_name\" content=\"Colegio Manquecura Valle Lo Campino\" \/>\n<meta property=\"article:publisher\" content=\"http:\/\/www.facebook.com\/ColegiosManquecura\" \/>\n<meta property=\"article:modified_time\" content=\"2025-09-10T14:51:51+00:00\" \/>\n<meta name=\"twitter:card\" content=\"summary_large_image\" \/>\n<meta name=\"twitter:label1\" content=\"Tiempo de lectura\" \/>\n\t<meta name=\"twitter:data1\" content=\"1 minuto\" \/>\n<script type=\"application\/ld+json\" class=\"yoast-schema-graph\">{\"@context\":\"https:\/\/schema.org\",\"@graph\":[{\"@type\":\"WebPage\",\"@id\":\"https:\/\/www.manquecura.cl\/valle-lo-campino\/admision\/club-referidos\/\",\"url\":\"https:\/\/www.manquecura.cl\/valle-lo-campino\/admision\/club-referidos\/\",\"name\":\"Club de referidos - Colegio Manquecura Valle Lo Campino\",\"isPartOf\":{\"@id\":\"https:\/\/www.manquecura.cl\/valle-lo-campino\/#website\"},\"datePublished\":\"2024-12-06T14:19:19+00:00\",\"dateModified\":\"2025-09-10T14:51:51+00:00\",\"breadcrumb\":{\"@id\":\"https:\/\/www.manquecura.cl\/valle-lo-campino\/admision\/club-referidos\/#breadcrumb\"},\"inLanguage\":\"es\",\"potentialAction\":[{\"@type\":\"ReadAction\",\"target\":[\"https:\/\/www.manquecura.cl\/valle-lo-campino\/admision\/club-referidos\/\"]}]},{\"@type\":\"BreadcrumbList\",\"@id\":\"https:\/\/www.manquecura.cl\/valle-lo-campino\/admision\/club-referidos\/#breadcrumb\",\"itemListElement\":[{\"@type\":\"ListItem\",\"position\":1,\"name\":\"Home\",\"item\":\"https:\/\/www.manquecura.cl\/valle-lo-campino\/\"},{\"@type\":\"ListItem\",\"position\":2,\"name\":\"Admisi\u00f3n\",\"item\":\"https:\/\/www.manquecura.cl\/valle-lo-campino\/admision\/\"},{\"@type\":\"ListItem\",\"position\":3,\"name\":\"Club de referidos\"}]},{\"@type\":\"WebSite\",\"@id\":\"https:\/\/www.manquecura.cl\/valle-lo-campino\/#website\",\"url\":\"https:\/\/www.manquecura.cl\/valle-lo-campino\/\",\"name\":\"Colegio Manquecura Valle Lo Campino\",\"description\":\"Parte de los Colegios Cognita\",\"publisher\":{\"@id\":\"https:\/\/www.manquecura.cl\/valle-lo-campino\/#organization\"},\"potentialAction\":[{\"@type\":\"SearchAction\",\"target\":{\"@type\":\"EntryPoint\",\"urlTemplate\":\"https:\/\/www.manquecura.cl\/valle-lo-campino\/?s={search_term_string}\"},\"query-input\":{\"@type\":\"PropertyValueSpecification\",\"valueRequired\":true,\"valueName\":\"search_term_string\"}}],\"inLanguage\":\"es\"},{\"@type\":\"Organization\",\"@id\":\"https:\/\/www.manquecura.cl\/valle-lo-campino\/#organization\",\"name\":\"Colegio Manquecura Valle Lo Campino\",\"url\":\"https:\/\/www.manquecura.cl\/valle-lo-campino\/\",\"logo\":{\"@type\":\"ImageObject\",\"inLanguage\":\"es\",\"@id\":\"https:\/\/www.manquecura.cl\/valle-lo-campino\/#\/schema\/logo\/image\/\",\"url\":\"https:\/\/www.manquecura.cl\/valle-lo-campino\/wp-content\/uploads\/sites\/40\/2025\/02\/logo_Manquecura_Valle-Lo-Campino_horizontal_color.webp\",\"contentUrl\":\"https:\/\/www.manquecura.cl\/valle-lo-campino\/wp-content\/uploads\/sites\/40\/2025\/02\/logo_Manquecura_Valle-Lo-Campino_horizontal_color.webp\",\"width\":400,\"height\":119,\"caption\":\"Colegio Manquecura Valle Lo Campino\"},\"image\":{\"@id\":\"https:\/\/www.manquecura.cl\/valle-lo-campino\/#\/schema\/logo\/image\/\"},\"sameAs\":[\"http:\/\/www.facebook.com\/ColegiosManquecura\",\"http:\/\/www.instagram.com\/manquecura_vallelocampino\/\",\"http:\/\/www.youtube.com\/c\/CognitaChile\"]}]}<\/script>\n<!-- \/ Yoast SEO plugin. -->","yoast_head_json":{"title":"Club de referidos - Colegio Manquecura Valle Lo Campino","robots":{"index":"index","follow":"follow","max-snippet":"max-snippet:-1","max-image-preview":"max-image-preview:large","max-video-preview":"max-video-preview:-1"},"canonical":"https:\/\/www.manquecura.cl\/valle-lo-campino\/admision\/club-referidos\/","og_locale":"es_ES","og_type":"article","og_title":"Club de referidos - Colegio Manquecura Valle Lo Campino","og_description":"[vc_row][vc_column][\/vc_column][\/vc_row][vc_row][vc_column][\/vc_column][\/vc_row]","og_url":"https:\/\/www.manquecura.cl\/valle-lo-campino\/admision\/club-referidos\/","og_site_name":"Colegio Manquecura Valle Lo Campino","article_publisher":"http:\/\/www.facebook.com\/ColegiosManquecura","article_modified_time":"2025-09-10T14:51:51+00:00","twitter_card":"summary_large_image","twitter_misc":{"Tiempo de lectura":"1 minuto"},"schema":{"@context":"https:\/\/schema.org","@graph":[{"@type":"WebPage","@id":"https:\/\/www.manquecura.cl\/valle-lo-campino\/admision\/club-referidos\/","url":"https:\/\/www.manquecura.cl\/valle-lo-campino\/admision\/club-referidos\/","name":"Club de referidos - Colegio Manquecura Valle Lo Campino","isPartOf":{"@id":"https:\/\/www.manquecura.cl\/valle-lo-campino\/#website"},"datePublished":"2024-12-06T14:19:19+00:00","dateModified":"2025-09-10T14:51:51+00:00","breadcrumb":{"@id":"https:\/\/www.manquecura.cl\/valle-lo-campino\/admision\/club-referidos\/#breadcrumb"},"inLanguage":"es","potentialAction":[{"@type":"ReadAction","target":["https:\/\/www.manquecura.cl\/valle-lo-campino\/admision\/club-referidos\/"]}]},{"@type":"BreadcrumbList","@id":"https:\/\/www.manquecura.cl\/valle-lo-campino\/admision\/club-referidos\/#breadcrumb","itemListElement":[{"@type":"ListItem","position":1,"name":"Home","item":"https:\/\/www.manquecura.cl\/valle-lo-campino\/"},{"@type":"ListItem","position":2,"name":"Admisi\u00f3n","item":"https:\/\/www.manquecura.cl\/valle-lo-campino\/admision\/"},{"@type":"ListItem","position":3,"name":"Club de referidos"}]},{"@type":"WebSite","@id":"https:\/\/www.manquecura.cl\/valle-lo-campino\/#website","url":"https:\/\/www.manquecura.cl\/valle-lo-campino\/","name":"Colegio Manquecura Valle Lo Campino","description":"Parte de los Colegios Cognita","publisher":{"@id":"https:\/\/www.manquecura.cl\/valle-lo-campino\/#organization"},"potentialAction":[{"@type":"SearchAction","target":{"@type":"EntryPoint","urlTemplate":"https:\/\/www.manquecura.cl\/valle-lo-campino\/?s={search_term_string}"},"query-input":{"@type":"PropertyValueSpecification","valueRequired":true,"valueName":"search_term_string"}}],"inLanguage":"es"},{"@type":"Organization","@id":"https:\/\/www.manquecura.cl\/valle-lo-campino\/#organization","name":"Colegio Manquecura Valle Lo Campino","url":"https:\/\/www.manquecura.cl\/valle-lo-campino\/","logo":{"@type":"ImageObject","inLanguage":"es","@id":"https:\/\/www.manquecura.cl\/valle-lo-campino\/#\/schema\/logo\/image\/","url":"https:\/\/www.manquecura.cl\/valle-lo-campino\/wp-content\/uploads\/sites\/40\/2025\/02\/logo_Manquecura_Valle-Lo-Campino_horizontal_color.webp","contentUrl":"https:\/\/www.manquecura.cl\/valle-lo-campino\/wp-content\/uploads\/sites\/40\/2025\/02\/logo_Manquecura_Valle-Lo-Campino_horizontal_color.webp","width":400,"height":119,"caption":"Colegio Manquecura Valle Lo Campino"},"image":{"@id":"https:\/\/www.manquecura.cl\/valle-lo-campino\/#\/schema\/logo\/image\/"},"sameAs":["http:\/\/www.facebook.com\/ColegiosManquecura","http:\/\/www.instagram.com\/manquecura_vallelocampino\/","http:\/\/www.youtube.com\/c\/CognitaChile"]}]}},"jetpack_sharing_enabled":true,"_links":{"self":[{"href":"https:\/\/www.manquecura.cl\/valle-lo-campino\/wp-json\/wp\/v2\/pages\/124103","targetHints":{"allow":["GET"]}}],"collection":[{"href":"https:\/\/www.manquecura.cl\/valle-lo-campino\/wp-json\/wp\/v2\/pages"}],"about":[{"href":"https:\/\/www.manquecura.cl\/valle-lo-campino\/wp-json\/wp\/v2\/types\/page"}],"author":[{"embeddable":true,"href":"https:\/\/www.manquecura.cl\/valle-lo-campino\/wp-json\/wp\/v2\/users\/34"}],"replies":[{"embeddable":true,"href":"https:\/\/www.manquecura.cl\/valle-lo-campino\/wp-json\/wp\/v2\/comments?post=124103"}],"version-history":[{"count":7,"href":"https:\/\/www.manquecura.cl\/valle-lo-campino\/wp-json\/wp\/v2\/pages\/124103\/revisions"}],"predecessor-version":[{"id":127519,"href":"https:\/\/www.manquecura.cl\/valle-lo-campino\/wp-json\/wp\/v2\/pages\/124103\/revisions\/127519"}],"up":[{"embeddable":true,"href":"https:\/\/www.manquecura.cl\/valle-lo-campino\/wp-json\/wp\/v2\/pages\/121463"}],"wp:attachment":[{"href":"https:\/\/www.manquecura.cl\/valle-lo-campino\/wp-json\/wp\/v2\/media?parent=124103"}],"curies":[{"name":"wp","href":"https:\/\/api.w.org\/{rel}","templated":true}]}}