
     {"id":121494,"date":"2024-09-12T17:36:26","date_gmt":"2024-09-12T20:36:26","guid":{"rendered":"https:\/\/www.manquecuranunoa.cl\/?page_id=121494"},"modified":"2026-03-25T12:35:27","modified_gmt":"2026-03-25T15:35:27","slug":"perspectiva-global","status":"publish","type":"page","link":"https:\/\/www.manquecura.cl\/valle-lo-campino\/perspectiva-global\/","title":{"rendered":"Perspectiva Global"},"content":{"rendered":"<div class=\"wpb-content-wrapper\"><p>[vc_row][vc_column]<section  id=\"PERSPECTIVA GLOBAL\"  class=\"bg-video-wrap hero section hero--centertext   \" style='background: url(https:\/\/www.manquecura.cl\/valle-lo-campino\/wp-content\/uploads\/sites\/40\/2025\/02\/Manquecura-113.jpg) center ;background-size:cover ;'>\n                <div class=\"bg-overlay\" style='background:#000000;opacity:0.4;'><\/div>\n                <div class=\"overlay\" >\n                  <div class=\"container-fluid\">\n                    <div class=\"row\">\n                      <div class=\"col-md-12 col-lg-12\">\n\n                        <div class=\"caption text-start\"><div class=\"component sub-heading\" >\n                              <h1 class=\"display-h1\">Perspectiva Global<\/h1>\n                            <\/div><\/div>\n                      <\/div>\n                    <\/div>\n                  <\/div>\n                <\/div>\n              <\/section><div class='row  m-x-0 breadcrumb-wrap ' style=''><div class='container-fluid' >\n                <nav aria-label='breadcrumb'><ol class=\"breadcrumb mt-3\">\n                  <li class=\"breadcrumb-item\"><a href=\"https:\/\/www.manquecura.cl\/valle-lo-campino\">Home<\/a><\/li>\n                  <li class=\"breadcrumb-item active\" aria-current=\"page\">Perspectiva Global<\/li>\n                <\/ol>\n              <\/nav>\n              <\/div>\n            <\/div>[\/vc_column][\/vc_row][vc_row][vc_column]\n    <section  style='' class=\"section     pb-0   \" ><div class=\"container-fluid\"><div class=\"row  justify-content-between  \"><div class=\" col-lg-6 col-md-6      \" ><div class=\"component mb-1 mt-0  radius-bottom-LR \" style='px'><div class=\"sub-heading component\"><h2  class=\"h5  \">\u00bfQu\u00e9 es tener Perspectiva Global?<\/h2><\/div>\n                        <div class=\"sub-heading component \">\n                        <p class=\"body-medium\">La perspectiva global en alumnos se refiere a la capacidad de comprender y apreciar diversas culturas y realidades en un contexto internacional. Implica desarrollar pensamiento cr\u00edtico y conciencia de las interconexiones entre eventos locales y problemas globales.<br \/>\n<br \/>\nFomentar esta perspectiva ayuda a formar ciudadanos informados y responsables en un mundo interconectado.<br \/>\n<br \/>\n<br \/>\n<\/p>\n                        <\/div><\/div><\/div>\n                    <div class=\"col-lg-5 col-md-6    \"><div class=\"component single-img \"><div class=\"ratio ratio-16x9 callout-img halfcol--img image_overlay_1690\" style=\"background-image: url(https:\/\/www.manquecura.cl\/valle-lo-campino\/wp-content\/uploads\/sites\/40\/2025\/02\/Manquecura-121.jpg);\"><\/div><\/div> <\/div>\n             <\/div>\n        <\/div>\n<\/section>[\/vc_column][\/vc_row][vc_row css_animation=&#8221;fadeIn&#8221; el_id=&#8221;programas-intercambio&#8221;][vc_column]\n    <section  id=\"Programa de Intercambo internacional\"  style='' class=\"section  wpb_animate_when_almost_visible wpb_fadeIn fadeIn       \" ><div class=\"container-fluid\"><div class=\"row    \"><div class=\" col-lg-6 col-md-6    order-2 order-md-1   \" ><div class=\"callout__img--image ratio ratio-16x9\">\n                           \n\n                            <iframe id=\"video-1\" class=\"callout__iframe\" style=\"width:100%; max-width:100%; opacity:1; height:100%;\" src=\"https:\/\/www.youtube.com\/embed\/1-MXl40qChQ?si=uGzRG38_zJFHeBmk\" frameborder=\"0\" allowfullscreen allow=\"xr-spatial-tracking\"><\/iframe>\n\n\n                        <\/div><\/div>\n                    <div class=\"col-lg-6 col-md-6  order-1 order-md-2   \"><div class=\"component mb-1 mt-0  radius-bottom-LR \" style='px'><div class=\"sub-heading component\"><h2  class=\"h5  \">Programas de Intercambio Internacional<\/h2><\/div>\n                        <div class=\"sub-heading component \">\n                        <p class=\"body-medium\"><b>Beneficios del Programa: <\/b><br \/>\n<br \/>\n- Formaci\u00f3n y desarrollo del car\u00e1cter.<br \/>\n<br \/>\n- Fortalecimiento acad\u00e9mico y del idioma ingl\u00e9s.<br \/>\n<br \/>\n- Enriquecimiento cultural y social.<br \/>\n<br \/>\n- Desarrollo de una perspectiva global.<br \/>\n<br \/>\n<\/p>\n                        <\/div><\/div> <\/div>\n             <\/div>\n        <\/div>\n<\/section>[\/vc_column][\/vc_row][vc_row css=&#8221;.vc_custom_1732650738639{background-color: #E9F0F5 !important;}&#8221; el_class=&#8221;linear-gradient-primary&#8221; el_id=&#8221;intercambio&#8221;][vc_column]<section  style='background-color:#022e55;' class=\"section   section--blue   linear-gradient-primary\"><div class=\"container-fluid\"><div class=\"row m-0 align-items-center centerText \" >\n                        <div class=\"col-sm-12 col-md-10 col-lg-9 mx-auto\"><div class=\"sub-heading component\">\n                                        <h4 class=\"h5\">Programas de Intercambio Internacional<\/h4>\n                                    <\/div><div class=\"sub-heading component\"><p style=\"text-align: center\">Informaci\u00f3n relevante para los viajes<\/p>\n<\/div><div class=\"flex-button\"><\/div><style>\n                        .flex-button {\n                        margin-top: 25px;\n                    } \n                        \n                    @media (max-width: 767px){\n                     .flex-button {\n                      display: block;\n                      margin-left: 0;\n                    }\n                    .flex-button .text-center{\n                     text-align: left !important;\n                    }\n                    }\n\n\n                        <\/style><\/div><\/div><\/section>[\/vc_column][\/vc_row][vc_row css_animation=&#8221;fadeIn&#8221; el_class=&#8221;linear-gradient-primary&#8221; el_id=&#8221;star-pupil&#8221;][vc_column]\n    <section  style='' class=\"section  wpb_animate_when_almost_visible wpb_fadeIn fadeIn  section--blue     \" ><div class=\"container-fluid\"><div class=\"row    \"><div class=\" col-lg-6 col-md-6    order-2 order-md-1   \" ><div class=\"component link\"><div class=\"ratio ratio-1x1 callout-img halfcol--img image_overlay_4531\" style=\"background-image: url(https:\/\/www.manquecura.cl\/valle-lo-campino\/wp-content\/uploads\/sites\/40\/2025\/02\/Manquecura-Nunoa-184.jpg);\"><\/div><\/div><\/div>\n                    <div class=\"col-lg-6 col-md-6  order-1 order-md-2   \"><div class=\"component mb-1 mt-0  radius-bottom-LR \" style='px'><div class=\"sub-heading component\"><h2  class=\"h5  \">Star Pupil<\/h2><\/div>\n                        <div class=\"sub-heading component \">\n                        <p class=\"body-medium\">Es un premio anual que consiste en un viaje de 5 semanas a Londres, Inglaterra, para vivir una experiencia fuera del pa\u00eds.<br \/>\n<br \/>\nEste reconocimiento es para estudiantes destacados de II medio, otorgado por el equipo directivo.<br \/>\n<br \/>\n<b>El premio da la oportunidad al estudiante de vivir:<\/b><br \/>\n<br \/>\n<u>Semanas 1 y 2:<\/u> Curso de nivelaci\u00f3n de ingl\u00e9s y habilidades para la vida.<br \/>\n<br \/>\n<u>Semanas 3 y 4:<\/u> Vivir la experiencia de asistir a un colegio brit\u00e1nico.<br \/>\n<br \/>\n<u>Semana Final:<\/u> Actividades culturales por Londres y sus lugares ic\u00f3nicos.<br \/>\n<br \/>\nLos estudiantes seleccionados disfrutar\u00e1n de una experiencia \u00fanica que enriquecer\u00e1 su formaci\u00f3n y les permitir\u00e1 establecer nuevas conexiones internacionales.<br \/>\n<br \/>\n<br \/>\n<\/p>\n                        <\/div><\/div> <\/div>\n             <\/div>\n        <\/div>\n<\/section>[\/vc_column][\/vc_row][vc_row el_id=&#8221;biysc&#8221;][vc_column]\n    <section  style='' class=\"section     pb-0   \" ><div class=\"container-fluid\"><div class=\"row    \"><div class=\" col-lg-8 col-md-8      \" ><div class=\"component mb-1 mt-0  radius-bottom-LR \" style='px'><div class=\"sub-heading component\"><h2  class=\"h4  \">Barcelona International Youth Science Challenge (BIYSC)<\/h2><\/div>\n                        <div class=\"sub-heading component \">\n                        <p class=\"body-medium\">El Barcelona International Youth Science Challenge re\u00fane a j\u00f3venes cient\u00edficos del mundo para desarrollar habilidades en investigaci\u00f3n e innovaci\u00f3n en un entorno colaborativo.<br \/>\n<br \/>\nEn II medio, los estudiantes deben presentar un proyecto y un inter\u00e9s genuino en la ciencia. Participan en conferencias y talleres, promoviendo la exploraci\u00f3n y el aprendizaje conjunto, en un entorno biling\u00fce.<br \/>\n<br \/>\nEl programa busca inspirar a la pr\u00f3xima generaci\u00f3n de cient\u00edficos y promover el intercambio cultural. Esta experiencia es valiosa para el desarrollo integral de los estudiantes.<br \/>\n<br \/>\n<br \/>\n<br \/>\n<br \/>\n<br \/>\n<br \/>\n<\/p>\n                        <\/div><\/div><\/div>\n                    <div class=\"col-lg-4 col-md-4   ps-md-0 \"><div class=\"component single-img \"><div class=\"ratio ratio-4x3 callout-img halfcol--img image_overlay_1696\" style=\"background-image: url(https:\/\/www.manquecura.cl\/valle-lo-campino\/wp-content\/uploads\/sites\/40\/2025\/02\/ID-NOTICIA-BIYSC-2022_bc71ee.webp);\"><\/div><\/div> <\/div>\n             <\/div>\n        <\/div>\n<\/section>[\/vc_column][\/vc_row][vc_row css=&#8221;.vc_custom_1732303111985{background-color: #E9F0F5 !important;}&#8221; el_class=&#8221;linear-gradient-primary&#8221;][vc_column]<style>\n\t\t\t\t\t\t.linkcard-override .card--bordered {\n\t\t\t\t\t\t\tborder-color: #FFFFFF !important;\n\t\t\t\t\t\t\ttransition: color .15s ease-in-out,\n\t\t\t\t\t\t\t\t\t\tbackground-color .15s ease-in-out,\n\t\t\t\t\t\t\t\t\t\tborder-color .15s ease-in-out,\n\t\t\t\t\t\t\t\t\t\tbox-shadow .15s ease-in-out;\n\t\t\t\t\t\t}\n\t\t\t\t\t\t.linkcard-override .btn-link {color: #FFFFFF !important;}\n\t\t\t\t\t\t.linkcard-override .card--bordered:hover { border-color: #DD9933 !important;}\n\t\t\t\t\t\t.linkcard-override .card--bordered:hover .btn-link {color: #DD9933 !important}\n\t\t\t\t\t\t.linkcard-override .btn-link:hover {color: #FFFFFF !important;}\n\t\t\t\t\t<\/style><section class=\"section section--blue bottom-step TopBottomBorder   \" style=\"background-image: url('');;;\"><div class=\"container-fluid\"><div class=\"row\"><div class=\"col-sm-12\"><div class=\"component title\"><p class=\"body-small\">Quiz\u00e1s le interese<\/p><\/div><\/div><\/div><div class=\"row\"><div class=\"col-md-4\"><div class=\"component linkcard linkcard-override\">\n                                <a class=\"card card--bordered\" href=\"\/valle-lo-campino\/admision\/contacto\/\">\n                                    <div class=\"card-body d-flex align-items-center\">\n                                    <div> <div class=\"component link\">\n                                            <div  class=\"btn btn-link simple-link h5\">Cont\u00e1ctanos<\/div>\n                                        <\/div><\/div><\/div><\/a><\/div><\/div><div class=\"col-md-4\"><div class=\"component linkcard linkcard-override\">\n                                <a class=\"card card--bordered\" href=\"https:\/\/landing.manquecura.cl\/valle-lo-campino-admision\">\n                                    <div class=\"card-body d-flex align-items-center\">\n                                    <div> <div class=\"component link\">\n                                            <div  class=\"btn btn-link simple-link h5\">Postule Aqu\u00ed<\/div>\n                                        <\/div><\/div><\/div><\/a><\/div><\/div><div class=\"col-md-4\"><div class=\"component linkcard linkcard-override\">\n                                <a class=\"card card--bordered\" href=\"\/valle-lo-campino\/admision\/proceso-de-admision\/\">\n                                    <div class=\"card-body d-flex align-items-center\">\n                                    <div> <div class=\"component link\">\n                                            <div  class=\"btn btn-link simple-link h5\">Ven a Conocernos<\/div>\n                                        <\/div><\/div><\/div><\/a><\/div><\/div><\/div><\/section>[\/vc_column][\/vc_row]<\/p>\n<\/div>","protected":false},"excerpt":{"rendered":"<p>[vc_row][vc_column][\/vc_column][\/vc_row][vc_row][vc_column][\/vc_column][\/vc_row][vc_row css_animation=&#8221;fadeIn&#8221; el_id=&#8221;programas-intercambio&#8221;][vc_column][\/vc_column][\/vc_row][vc_row css=&#8221;.vc_custom_1732650738639{background-color: #E9F0F5 !important;}&#8221; el_class=&#8221;linear-gradient-primary&#8221; el_id=&#8221;intercambio&#8221;][vc_column][\/vc_column][\/vc_row][vc_row css_animation=&#8221;fadeIn&#8221; el_class=&#8221;linear-gradient-primary&#8221; el_id=&#8221;star-pupil&#8221;][vc_column][\/vc_column][\/vc_row][vc_row el_id=&#8221;biysc&#8221;][vc_column][\/vc_column][\/vc_row][vc_row css=&#8221;.vc_custom_1732303111985{background-color: #E9F0F5 !important;}&#8221; el_class=&#8221;linear-gradient-primary&#8221;][vc_column][\/vc_column][\/vc_row]<\/p>\n","protected":false},"author":14,"featured_media":0,"parent":0,"menu_order":0,"comment_status":"closed","ping_status":"closed","template":"","meta":{"_acf_changed":false,"content-type":"","footnotes":""},"class_list":["post-121494","page","type-page","status-publish","hentry"],"acf":[],"yoast_head":"<!-- This site is optimized with the Yoast SEO plugin v27.1.1 - https:\/\/yoast.com\/product\/yoast-seo-wordpress\/ -->\n<title>Perspectiva Global - Colegio Manquecura Valle Lo Campino<\/title>\n<meta name=\"robots\" content=\"index, follow, max-snippet:-1, max-image-preview:large, max-video-preview:-1\" \/>\n<link rel=\"canonical\" href=\"https:\/\/www.manquecura.cl\/valle-lo-campino\/perspectiva-global\/\" \/>\n<meta property=\"og:locale\" content=\"es_ES\" \/>\n<meta property=\"og:type\" content=\"article\" \/>\n<meta property=\"og:title\" content=\"Perspectiva Global - Colegio Manquecura Valle Lo Campino\" \/>\n<meta property=\"og:description\" content=\"[vc_row][vc_column][\/vc_column][\/vc_row][vc_row][vc_column][\/vc_column][\/vc_row][vc_row css_animation=&#8221;fadeIn&#8221; el_id=&#8221;programas-intercambio&#8221;][vc_column][\/vc_column][\/vc_row][vc_row css=&#8221;.vc_custom_1732650738639{background-color: #E9F0F5 !important;}&#8221; el_class=&#8221;linear-gradient-primary&#8221; el_id=&#8221;intercambio&#8221;][vc_column][\/vc_column][\/vc_row][vc_row css_animation=&#8221;fadeIn&#8221; el_class=&#8221;linear-gradient-primary&#8221; el_id=&#8221;star-pupil&#8221;][vc_column][\/vc_column][\/vc_row][vc_row el_id=&#8221;biysc&#8221;][vc_column][\/vc_column][\/vc_row][vc_row css=&#8221;.vc_custom_1732303111985{background-color: #E9F0F5 !important;}&#8221; el_class=&#8221;linear-gradient-primary&#8221;][vc_column][\/vc_column][\/vc_row]\" \/>\n<meta property=\"og:url\" content=\"https:\/\/www.manquecura.cl\/valle-lo-campino\/perspectiva-global\/\" \/>\n<meta property=\"og:site_name\" content=\"Colegio Manquecura Valle Lo Campino\" \/>\n<meta property=\"article:publisher\" content=\"http:\/\/www.facebook.com\/ColegiosManquecura\" \/>\n<meta property=\"article:modified_time\" content=\"2026-03-25T15:35:27+00:00\" \/>\n<meta name=\"twitter:card\" content=\"summary_large_image\" \/>\n<meta name=\"twitter:label1\" content=\"Tiempo de lectura\" \/>\n\t<meta name=\"twitter:data1\" content=\"1 minuto\" \/>\n<script type=\"application\/ld+json\" class=\"yoast-schema-graph\">{\"@context\":\"https:\/\/schema.org\",\"@graph\":[{\"@type\":\"WebPage\",\"@id\":\"https:\/\/www.manquecura.cl\/valle-lo-campino\/perspectiva-global\/\",\"url\":\"https:\/\/www.manquecura.cl\/valle-lo-campino\/perspectiva-global\/\",\"name\":\"Perspectiva Global - Colegio Manquecura Valle Lo Campino\",\"isPartOf\":{\"@id\":\"https:\/\/www.manquecura.cl\/valle-lo-campino\/#website\"},\"datePublished\":\"2024-09-12T20:36:26+00:00\",\"dateModified\":\"2026-03-25T15:35:27+00:00\",\"breadcrumb\":{\"@id\":\"https:\/\/www.manquecura.cl\/valle-lo-campino\/perspectiva-global\/#breadcrumb\"},\"inLanguage\":\"es\",\"potentialAction\":[{\"@type\":\"ReadAction\",\"target\":[\"https:\/\/www.manquecura.cl\/valle-lo-campino\/perspectiva-global\/\"]}]},{\"@type\":\"BreadcrumbList\",\"@id\":\"https:\/\/www.manquecura.cl\/valle-lo-campino\/perspectiva-global\/#breadcrumb\",\"itemListElement\":[{\"@type\":\"ListItem\",\"position\":1,\"name\":\"Home\",\"item\":\"https:\/\/www.manquecura.cl\/valle-lo-campino\/\"},{\"@type\":\"ListItem\",\"position\":2,\"name\":\"Perspectiva Global\"}]},{\"@type\":\"WebSite\",\"@id\":\"https:\/\/www.manquecura.cl\/valle-lo-campino\/#website\",\"url\":\"https:\/\/www.manquecura.cl\/valle-lo-campino\/\",\"name\":\"Colegio Manquecura Valle Lo Campino\",\"description\":\"Parte de los Colegios Cognita\",\"publisher\":{\"@id\":\"https:\/\/www.manquecura.cl\/valle-lo-campino\/#organization\"},\"potentialAction\":[{\"@type\":\"SearchAction\",\"target\":{\"@type\":\"EntryPoint\",\"urlTemplate\":\"https:\/\/www.manquecura.cl\/valle-lo-campino\/?s={search_term_string}\"},\"query-input\":{\"@type\":\"PropertyValueSpecification\",\"valueRequired\":true,\"valueName\":\"search_term_string\"}}],\"inLanguage\":\"es\"},{\"@type\":\"Organization\",\"@id\":\"https:\/\/www.manquecura.cl\/valle-lo-campino\/#organization\",\"name\":\"Colegio Manquecura Valle Lo Campino\",\"url\":\"https:\/\/www.manquecura.cl\/valle-lo-campino\/\",\"logo\":{\"@type\":\"ImageObject\",\"inLanguage\":\"es\",\"@id\":\"https:\/\/www.manquecura.cl\/valle-lo-campino\/#\/schema\/logo\/image\/\",\"url\":\"https:\/\/www.manquecura.cl\/valle-lo-campino\/wp-content\/uploads\/sites\/40\/2025\/02\/logo_Manquecura_Valle-Lo-Campino_horizontal_color.webp\",\"contentUrl\":\"https:\/\/www.manquecura.cl\/valle-lo-campino\/wp-content\/uploads\/sites\/40\/2025\/02\/logo_Manquecura_Valle-Lo-Campino_horizontal_color.webp\",\"width\":400,\"height\":119,\"caption\":\"Colegio Manquecura Valle Lo Campino\"},\"image\":{\"@id\":\"https:\/\/www.manquecura.cl\/valle-lo-campino\/#\/schema\/logo\/image\/\"},\"sameAs\":[\"http:\/\/www.facebook.com\/ColegiosManquecura\",\"http:\/\/www.instagram.com\/manquecura_vallelocampino\/\",\"http:\/\/www.youtube.com\/c\/CognitaChile\"]}]}<\/script>\n<!-- \/ Yoast SEO plugin. -->","yoast_head_json":{"title":"Perspectiva Global - Colegio Manquecura Valle Lo Campino","robots":{"index":"index","follow":"follow","max-snippet":"max-snippet:-1","max-image-preview":"max-image-preview:large","max-video-preview":"max-video-preview:-1"},"canonical":"https:\/\/www.manquecura.cl\/valle-lo-campino\/perspectiva-global\/","og_locale":"es_ES","og_type":"article","og_title":"Perspectiva Global - Colegio Manquecura Valle Lo Campino","og_description":"[vc_row][vc_column][\/vc_column][\/vc_row][vc_row][vc_column][\/vc_column][\/vc_row][vc_row css_animation=&#8221;fadeIn&#8221; el_id=&#8221;programas-intercambio&#8221;][vc_column][\/vc_column][\/vc_row][vc_row css=&#8221;.vc_custom_1732650738639{background-color: #E9F0F5 !important;}&#8221; el_class=&#8221;linear-gradient-primary&#8221; el_id=&#8221;intercambio&#8221;][vc_column][\/vc_column][\/vc_row][vc_row css_animation=&#8221;fadeIn&#8221; el_class=&#8221;linear-gradient-primary&#8221; el_id=&#8221;star-pupil&#8221;][vc_column][\/vc_column][\/vc_row][vc_row el_id=&#8221;biysc&#8221;][vc_column][\/vc_column][\/vc_row][vc_row css=&#8221;.vc_custom_1732303111985{background-color: #E9F0F5 !important;}&#8221; el_class=&#8221;linear-gradient-primary&#8221;][vc_column][\/vc_column][\/vc_row]","og_url":"https:\/\/www.manquecura.cl\/valle-lo-campino\/perspectiva-global\/","og_site_name":"Colegio Manquecura Valle Lo Campino","article_publisher":"http:\/\/www.facebook.com\/ColegiosManquecura","article_modified_time":"2026-03-25T15:35:27+00:00","twitter_card":"summary_large_image","twitter_misc":{"Tiempo de lectura":"1 minuto"},"schema":{"@context":"https:\/\/schema.org","@graph":[{"@type":"WebPage","@id":"https:\/\/www.manquecura.cl\/valle-lo-campino\/perspectiva-global\/","url":"https:\/\/www.manquecura.cl\/valle-lo-campino\/perspectiva-global\/","name":"Perspectiva Global - Colegio Manquecura Valle Lo Campino","isPartOf":{"@id":"https:\/\/www.manquecura.cl\/valle-lo-campino\/#website"},"datePublished":"2024-09-12T20:36:26+00:00","dateModified":"2026-03-25T15:35:27+00:00","breadcrumb":{"@id":"https:\/\/www.manquecura.cl\/valle-lo-campino\/perspectiva-global\/#breadcrumb"},"inLanguage":"es","potentialAction":[{"@type":"ReadAction","target":["https:\/\/www.manquecura.cl\/valle-lo-campino\/perspectiva-global\/"]}]},{"@type":"BreadcrumbList","@id":"https:\/\/www.manquecura.cl\/valle-lo-campino\/perspectiva-global\/#breadcrumb","itemListElement":[{"@type":"ListItem","position":1,"name":"Home","item":"https:\/\/www.manquecura.cl\/valle-lo-campino\/"},{"@type":"ListItem","position":2,"name":"Perspectiva Global"}]},{"@type":"WebSite","@id":"https:\/\/www.manquecura.cl\/valle-lo-campino\/#website","url":"https:\/\/www.manquecura.cl\/valle-lo-campino\/","name":"Colegio Manquecura Valle Lo Campino","description":"Parte de los Colegios Cognita","publisher":{"@id":"https:\/\/www.manquecura.cl\/valle-lo-campino\/#organization"},"potentialAction":[{"@type":"SearchAction","target":{"@type":"EntryPoint","urlTemplate":"https:\/\/www.manquecura.cl\/valle-lo-campino\/?s={search_term_string}"},"query-input":{"@type":"PropertyValueSpecification","valueRequired":true,"valueName":"search_term_string"}}],"inLanguage":"es"},{"@type":"Organization","@id":"https:\/\/www.manquecura.cl\/valle-lo-campino\/#organization","name":"Colegio Manquecura Valle Lo Campino","url":"https:\/\/www.manquecura.cl\/valle-lo-campino\/","logo":{"@type":"ImageObject","inLanguage":"es","@id":"https:\/\/www.manquecura.cl\/valle-lo-campino\/#\/schema\/logo\/image\/","url":"https:\/\/www.manquecura.cl\/valle-lo-campino\/wp-content\/uploads\/sites\/40\/2025\/02\/logo_Manquecura_Valle-Lo-Campino_horizontal_color.webp","contentUrl":"https:\/\/www.manquecura.cl\/valle-lo-campino\/wp-content\/uploads\/sites\/40\/2025\/02\/logo_Manquecura_Valle-Lo-Campino_horizontal_color.webp","width":400,"height":119,"caption":"Colegio Manquecura Valle Lo Campino"},"image":{"@id":"https:\/\/www.manquecura.cl\/valle-lo-campino\/#\/schema\/logo\/image\/"},"sameAs":["http:\/\/www.facebook.com\/ColegiosManquecura","http:\/\/www.instagram.com\/manquecura_vallelocampino\/","http:\/\/www.youtube.com\/c\/CognitaChile"]}]}},"jetpack_sharing_enabled":true,"_links":{"self":[{"href":"https:\/\/www.manquecura.cl\/valle-lo-campino\/wp-json\/wp\/v2\/pages\/121494","targetHints":{"allow":["GET"]}}],"collection":[{"href":"https:\/\/www.manquecura.cl\/valle-lo-campino\/wp-json\/wp\/v2\/pages"}],"about":[{"href":"https:\/\/www.manquecura.cl\/valle-lo-campino\/wp-json\/wp\/v2\/types\/page"}],"author":[{"embeddable":true,"href":"https:\/\/www.manquecura.cl\/valle-lo-campino\/wp-json\/wp\/v2\/users\/14"}],"replies":[{"embeddable":true,"href":"https:\/\/www.manquecura.cl\/valle-lo-campino\/wp-json\/wp\/v2\/comments?post=121494"}],"version-history":[{"count":14,"href":"https:\/\/www.manquecura.cl\/valle-lo-campino\/wp-json\/wp\/v2\/pages\/121494\/revisions"}],"predecessor-version":[{"id":127730,"href":"https:\/\/www.manquecura.cl\/valle-lo-campino\/wp-json\/wp\/v2\/pages\/121494\/revisions\/127730"}],"wp:attachment":[{"href":"https:\/\/www.manquecura.cl\/valle-lo-campino\/wp-json\/wp\/v2\/media?parent=121494"}],"curies":[{"name":"wp","href":"https:\/\/api.w.org\/{rel}","templated":true}]}}